{"id":136,"date":"2017-12-26T17:34:25","date_gmt":"2017-12-26T17:34:25","guid":{"rendered":"http:\/\/des.hhos.ru.s26.hhos.ru\/wp\/?page_id=136"},"modified":"2023-08-20T11:49:21","modified_gmt":"2023-08-20T11:49:21","slug":"about","status":"publish","type":"page","link":"https:\/\/www.ciclosnoya.eu\/index.php\/about\/","title":{"rendered":"Sobre nosotros"},"content":{"rendered":"<section class=\"wpb-content-wrapper\"><p>[vc_row full_width=&#8221;stretch_row_content_no_spaces&#8221;][vc_column][vc_mad_text_with_image type=&#8221;type_2&#8243; image=&#8221;12359&#8243; title=&#8221;\u00bfQui\u00e9nes somos?&#8221; link=&#8221;url:%23|title:Ven%20a%20conocernos&#8221;]Nuestros inicios se remontan a 1950 en la R\u00faa Ram\u00f3n Cabanillas de Cambados (Galicia), momento en que abre sus puertas Ciclos Noya, ofreciendo a los residentes del pueblo una soluci\u00f3n a los problemas habituales que presentaban las bicicletas de la \u00e9poca, y herramienta de movilidad dominante.<\/p>\n<p>Con el paso de los a\u00f1os, se ampl\u00edan los servicios ofertados, prestando servicio tambi\u00e9n a las motocicletas que comenzaban a aparecer en el pueblo.<\/p>\n<p>En los 90, cambia su ubicaci\u00f3n a la actual R\u00faa San Francisco, 8 ofreciendo unas mejores instalaciones a nuestros clientes y permitiendo ofrecer m\u00e1s y nuevos servicios.[\/vc_mad_text_with_image][\/vc_column][\/vc_row][vc_row css=&#8221;.vc_custom_1518435526528{margin-top: 0px !important;margin-bottom: 0px !important;padding-top: 90px !important;padding-bottom: 90px !important;}&#8221;][vc_column][vc_mad_info_block tag_title=&#8221;h2&#8243; columns=&#8221;3&#8243; title=&#8221;\u00bfPor qu\u00e9 elegirnos?&#8221;][vc_mad_info_block_item icon=&#8221;licon-hammer-wrench&#8221; title=&#8221;Experiencia&#8221; link=&#8221;url:%23|||&#8221;]M\u00e1s de 70 a\u00f1os de experiencia en la reparaci\u00f3n y venta nos avalan. Eso nos permite ofrecer todo tipo de soluciones a cualquier problema que presente tu veh\u00edculo.[\/vc_mad_info_block_item][vc_mad_info_block_item icon=&#8221;licon-coin-euro&#8221; title=&#8221;Calidad y precio&#8221; link=&#8221;url:%23|||&#8221;]Porque la calidad en el servicio no tiene porqu\u00e9 ser caro. Ofrecemos todo tipo de productos para ajustarse a tu bolsillo. Y en tus reparaciones, siempre te consultaremos para encontrar la mejor relaci\u00f3n calidad\/precio.[\/vc_mad_info_block_item][vc_mad_info_block_item icon=&#8221;licon-group-work&#8221; title=&#8221;Cercan\u00eda&#8221; link=&#8221;url:%23|||&#8221;]Porque llevamos a tu lado todos estos a\u00f1os, podemos ofrecerte un trato cercano y empleando un lenguaje que te resulte sencillo de comprender, evitando cualquier malentendido o que no entiendas qu\u00e9 se va a realizar en tu veh\u00edculo.[\/vc_mad_info_block_item][\/vc_mad_info_block][\/vc_column][\/vc_row][vc_row full_width=&#8221;stretch_row&#8221; parallax=&#8221;content-moving&#8221; parallax_image=&#8221;399&#8243; disable_element=&#8221;yes&#8221; css=&#8221;.vc_custom_1692531023519{margin-top: 0px !important;margin-bottom: 0px !important;padding-top: 90px !important;padding-bottom: 90px !important;}&#8221;][vc_column][vc_mad_counter values=&#8221;%5B%7B%22info%22%3A%22Professionals%20in%20Our%20Team%22%2C%22value%22%3A%22380%22%2C%22icon%22%3A%22licon-users%22%7D%2C%7B%22info%22%3A%22Years%20of%20Successful%20Work%22%2C%22value%22%3A%2260%22%2C%22icon%22%3A%22licon-medal-empty%22%7D%2C%7B%22info%22%3A%22Satisfied%20Clients%22%2C%22value%22%3A%221970%22%2C%22icon%22%3A%22licon-smile%22%7D%2C%7B%22info%22%3A%22Projects%20Done%22%2C%22value%22%3A%22893%22%2C%22icon%22%3A%22licon-check%22%7D%5D&#8221; title=&#8221;Company Statistics&#8221; title_color=&#8221;#ffffff&#8221; number_color=&#8221;#47d9bf&#8221; label_color=&#8221;#eeeeee&#8221; info_color=&#8221;#eeeeee&#8221; icon_color=&#8221;#47d9bf&#8221;][\/vc_column][\/vc_row]<\/p>\n<\/section>","protected":false},"excerpt":{"rendered":"<p>[vc_row full_width=&#8221;stretch_row_content_no_spaces&#8221;][vc_column][vc_mad_text_with_image type=&#8221;type_2&#8243; image=&#8221;12359&#8243; title=&#8221;\u00bfQui\u00e9nes somos?&#8221; link=&#8221;url:%23|title:Ven%20a%20conocernos&#8221;]Nuestros inicios se remontan a 1950 en la R\u00faa Ram\u00f3n Cabanillas de Cambados (Galicia), momento en que abre sus puertas Ciclos Noya, ofreciendo a los residentes del pueblo una soluci\u00f3n a los problemas habituales que presentaban las bicicletas de la \u00e9poca, y herramienta de movilidad dominante. Con el paso [&hellip;]<\/p>\n","protected":false},"author":1,"featured_media":0,"parent":0,"menu_order":0,"comment_status":"closed","ping_status":"closed","template":"","meta":{"footnotes":""},"class_list":["post-136","page","type-page","status-publish","hentry"],"_links":{"self":[{"href":"https:\/\/www.ciclosnoya.eu\/index.php\/wp-json\/wp\/v2\/pages\/136","targetHints":{"allow":["GET"]}}],"collection":[{"href":"https:\/\/www.ciclosnoya.eu\/index.php\/wp-json\/wp\/v2\/pages"}],"about":[{"href":"https:\/\/www.ciclosnoya.eu\/index.php\/wp-json\/wp\/v2\/types\/page"}],"author":[{"embeddable":true,"href":"https:\/\/www.ciclosnoya.eu\/index.php\/wp-json\/wp\/v2\/users\/1"}],"replies":[{"embeddable":true,"href":"https:\/\/www.ciclosnoya.eu\/index.php\/wp-json\/wp\/v2\/comments?post=136"}],"version-history":[{"count":9,"href":"https:\/\/www.ciclosnoya.eu\/index.php\/wp-json\/wp\/v2\/pages\/136\/revisions"}],"predecessor-version":[{"id":12365,"href":"https:\/\/www.ciclosnoya.eu\/index.php\/wp-json\/wp\/v2\/pages\/136\/revisions\/12365"}],"wp:attachment":[{"href":"https:\/\/www.ciclosnoya.eu\/index.php\/wp-json\/wp\/v2\/media?parent=136"}],"curies":[{"name":"wp","href":"https:\/\/api.w.org\/{rel}","templated":true}]}}